{"id":208,"date":"2017-01-11T12:14:27","date_gmt":"2017-01-11T11:14:27","guid":{"rendered":"http:\/\/www.logo-barsinghausen.de\/\/?page_id=208"},"modified":"2025-06-21T16:30:19","modified_gmt":"2025-06-21T14:30:19","slug":"das-team","status":"publish","type":"page","link":"https:\/\/www.logo-barsinghausen.de\/wordpress\/start\/praxiskonzept\/das-team\/","title":{"rendered":"Das Team"},"content":{"rendered":"\n\n\t\t<img decoding=\"async\" src=\"https:\/\/www.logo-barsinghausen.de\/wordpress\/wp-content\/uploads\/Silvia_Logopaedie_Barsinghausen-1.jpg\" alt=\"Silvia_Logopaedie_Barsinghausen\" itemprop=\"image\"  \/>\n\t<p><strong>Silvia Schneider-Pfingsten<\/strong><em>Staatlich anerkannte Logop\u00e4din,<\/em><em> Zahnmedizinische Fachangestellte<\/em><strong>Zusatzqualifikationen \/ Fortbildungen<\/strong>* Zertifizierte KoMut-Therapeutin (Selektiver Mutismus &#8211; &#8222;nicht Sprechen in bestimmten Situationen&#8220;)<strong>Schluckst\u00f6rung \/ Trachealkan\u00fcle<br \/><\/strong><ul><li><strong>Strukturierte Diagnostik und evidenzbasiertes Vorgehen in der Therapie von Schluckst\u00f6rungen<\/strong> <strong>\/<\/strong> Mirko Hiller<\/li><li><strong>Trachealkan\u00fclenmanagement &#8211; der professionelle Umgang mit tracheotomierten Patienten (Diagnostik bis zur Dekan\u00fclierung)<\/strong> \/ Mirko Hiller<\/li><li><strong>Mund-, Ess- und Trinktherapie (MET) im Kindesalter \/<\/strong>Susanne Renk<\/li><li><strong>F\u00fctterst\u00f6rungen (FST) im Baby- und Kleinkindalter \/<\/strong> Susanne Renk<\/li><li><strong>Diagnostik und Therapie kindlicher Schluckst\u00f6rungen \/<\/strong> Dr. med. Paul Diesener<\/li><li><strong>Die Behandlung von Fazialisparesen &#8211; Stimulation der orofazialen Muskulatur durch PNF \/ <\/strong>Marco Mebus, Klinikum M\u00fcnchen Bogenhausen<\/li><\/ul><strong>Sprach- und Sprechst\u00f6rungen \/ Wahrnehmungsst\u00f6rungen<br \/><\/strong><ul><li><strong>BRAIN GYM 1<\/strong> \/ Kinesiologie (Konzentrationsf\u00f6rderung)<\/li><li><strong>INSEL f\u00fcr Kinder<\/strong> (Integrative sensomotorische Logop\u00e4die bei sprachentwicklungsverz\u00f6gerten Kindern, Logop\u00e4die bei Kindern mit Wahrnehmungsst\u00f6rungen) \/ Petra Schuster<\/li><li><strong>PROMPT<\/strong> (taktil-kinesth\u00e4tische, visuelle und auditive Unterst\u00fctzung der Lautanbahnung, <strong>Zertifikat<\/strong>)<\/li><li><strong>Kindliche Sprachverstehensst\u00f6rungen erfassen und behandeln \/ Sprachverstehenskontrolle<\/strong> \/ Alexandra Diem, Petra Schmitz<\/li><li><strong>Heidelberger Elterntraining<\/strong>, Zertifikat <strong>(Elterntraining zur fr\u00fchen Sprachf\u00f6rderung sp\u00e4tsprechender Kinder &#8222;Late Talker&#8220;)<\/strong><\/li><li><strong>Sprachreich, <\/strong>Zertifikat<strong> (Trainerin f\u00fcr Fortbildung der Erzieher\/innen) <br \/><\/strong><\/li><\/ul><strong>Stimmst\u00f6rungen<\/strong><\/p><ul><li><strong>AAP \/ Atemangepasste Phonation<\/strong> (Stimmbildung, Stimmst\u00f6rung)<\/li><\/ul>\n\t\t<img decoding=\"async\" src=\"https:\/\/www.logo-barsinghausen.de\/wordpress\/wp-content\/uploads\/Katrin_Logopaedie_Barsinghausen-1.jpg\" alt=\"Katrin_Logopaedie_Barsinghausen\" itemprop=\"image\"  \/>\n\t<p><strong>Katrin B\u00f6se<br \/>Freie Mitarbeiterin<\/strong><em>Staatlich anerkannte Logop\u00e4din<\/em>2002 abgelegtes Examen zur Logop\u00e4din.<br \/>Behandlung von\u00a0kindlichen Sprachentwicklungsst\u00f6rungen, neurologischen Sprach-, Sprech- und Schluckst\u00f6rungen,\u00a0sowie Stimmst\u00f6rungen.<strong>Zusatzqualifikationen \/ Fortbildungen<\/strong><\/p><ul><li><strong>Kindliche Wortfindungsst\u00f6rungen<\/strong> \/ Julia Siegm\u00fcller<\/li><li><strong>Syntax-Therapie mit PLAN<\/strong> \/ J. Schwytay<\/li><li><strong>Morphologietherapie mit PLAN<\/strong> \/ J. Schwytay<\/li><li><strong>Migration und Mehrsprachigkeit in der Sprachf\u00f6rderung<\/strong><\/li><li><strong>NF!T Mund<\/strong> \/ E. Rogge<\/li><li><strong>Taktkin<\/strong> \/ B.\u00a0Berner-Janusch<\/li><li><strong>Behandlung phonologische St\u00f6rungen<\/strong> \/ Tanja Jahn<\/li><li><strong>P.O.P.T. \/ <\/strong>A. Fox<\/li><li><strong>St\u00f6rungen des Schriftspracherwerbs<\/strong> \/ I. Wagner<\/li><li><strong>Poltern<\/strong> \/ Ulrike Sick<\/li><li><strong>Late Talker<\/strong> \/ Katja Becker<\/li><li><strong>Die direkte Therapie bei stotternden Kindern<\/strong> \/ Stephan Blind<\/li><li><strong>Differentialdiagnose: verbale Entwicklungsdyspraxie versus phonologische St\u00f6rung<\/strong> \/ B.\u00a0 Birner-Janusch<\/li><li><strong>Dysphagietherapie in der Fr\u00fchrehabilitation<\/strong> \/ S. Kubitzka<\/li><li><strong>F.O.T.T<\/strong> \/ J. Meyer-K\u00f6nigsb\u00fcscher<\/li><li><strong>MODAK -Kommunikative Aphasietherapie<\/strong> \/ Dr. L. Lutz<\/li><li><strong>Aphasietherapie<\/strong> \/<strong> M. Mende Kognitive Dysphasie<\/strong>n \/ Dr. M.-D. Heiler<\/li><li><strong>Kognitive Dysphasien<\/strong> \/ Dr. M.-D. Heidler<\/li><li><strong>Diagnostik und Therapie von Dysathrien<\/strong> \/ Dr. V. Runge<\/li><li><strong>Diagnostik und Therapie bei Stimmlippenl\u00e4hmungen<\/strong> \/ U. Mlynczak<\/li><li><strong>Funktionelle Dysphonien<\/strong> \/ J. Appel<\/li><li><strong>Praxisseminar Stimme <\/strong><\/li><\/ul>\n\n","protected":false},"excerpt":{"rendered":"","protected":false},"author":1,"featured_media":0,"parent":108,"menu_order":0,"comment_status":"closed","ping_status":"closed","template":"template-fullwidth.php","meta":{"footnotes":""},"class_list":["post-208","page","type-page","status-publish","hentry"],"_links":{"self":[{"href":"https:\/\/www.logo-barsinghausen.de\/wordpress\/wp-json\/wp\/v2\/pages\/208","targetHints":{"allow":["GET"]}}],"collection":[{"href":"https:\/\/www.logo-barsinghausen.de\/wordpress\/wp-json\/wp\/v2\/pages"}],"about":[{"href":"https:\/\/www.logo-barsinghausen.de\/wordpress\/wp-json\/wp\/v2\/types\/page"}],"author":[{"embeddable":true,"href":"https:\/\/www.logo-barsinghausen.de\/wordpress\/wp-json\/wp\/v2\/users\/1"}],"replies":[{"embeddable":true,"href":"https:\/\/www.logo-barsinghausen.de\/wordpress\/wp-json\/wp\/v2\/comments?post=208"}],"version-history":[{"count":18,"href":"https:\/\/www.logo-barsinghausen.de\/wordpress\/wp-json\/wp\/v2\/pages\/208\/revisions"}],"predecessor-version":[{"id":377,"href":"https:\/\/www.logo-barsinghausen.de\/wordpress\/wp-json\/wp\/v2\/pages\/208\/revisions\/377"}],"up":[{"embeddable":true,"href":"https:\/\/www.logo-barsinghausen.de\/wordpress\/wp-json\/wp\/v2\/pages\/108"}],"wp:attachment":[{"href":"https:\/\/www.logo-barsinghausen.de\/wordpress\/wp-json\/wp\/v2\/media?parent=208"}],"curies":[{"name":"wp","href":"https:\/\/api.w.org\/{rel}","templated":true}]}}