{"id":110,"date":"2016-12-12T12:44:14","date_gmt":"2016-12-12T11:44:14","guid":{"rendered":"http:\/\/www.logo-barsinghausen.de\/\/?page_id=110"},"modified":"2024-12-10T17:45:12","modified_gmt":"2024-12-10T16:45:12","slug":"impressum","status":"publish","type":"page","link":"https:\/\/www.logo-barsinghausen.de\/wordpress\/start\/impressum\/","title":{"rendered":"Impressum"},"content":{"rendered":"\n\n\t<p><strong>Praxis f\u00fcr Logop\u00e4die<\/strong>Silvia Schneider-Pfingsten<br \/>Egestorfer Stra\u00dfe 4<br \/>30890 BarsinghausenMomentan ist unsere Praxis aufgrund von Umbauarbeiten nur \u00fcber die Mobilnummer 0163 2856406 oder per e-Mail info@logo-barsinghausen.de zu erreichen.Internet: http:\/\/www.logo-barsinghausen.de<strong>Verantwortlich f\u00fcr den Inhalt der Webseite:<\/strong><br \/>Silvia Schneider-Pfingsten<strong>Berufsbezeichnung<\/strong><br \/>Staatlich anerkannte Logop\u00e4din<strong>Steuernummer:<br \/><\/strong>23\/141\/09818<strong>IK-Nummer:<\/strong><br \/>400325488<strong>Mitglied im:<\/strong><br \/>dbl &#8211; Deutscher Bundesverband f\u00fcr Logop\u00e4die e.V.<br \/>Augustinusstr. 11a<br \/>50226 Frechen<strong>Haftungsausschluss:<\/strong><br \/>Die Inhalte dieser Website werden mit gr\u00f6\u00dftm\u00f6glicher Sorgfalt erstellt. Es kann jedoch keine Gew\u00e4hr f\u00fcr die Richtigkeit, Vollst\u00e4ndigkeit und Aktualit\u00e4t der bereitgestellten Inhalte \u00fcbernommen werden. Die Nutzung der Inhalte der Website erfolgt auf eigene Gefahr des Nutzers. Namentlich gekennzeichnete Beitr\u00e4ge geben die Meinung des jeweiligen Autors und nicht automatisch die Meinung des Anbieters wieder. Mit der reinen Nutzung der Website des Anbieters kommt keinerlei Vertragsverh\u00e4ltnis zwischen dem Nutzer und dem Anbieter zustande. Die Verantwortlichkeit f\u00fcr den Inhalt dieses Webauftritts erstreckt sich gem. \u00a7 7 Abs. 1 TMG auf die eigenen Inhalte dieser Seiten nach den allgemeinen Gesetzen. Die Verantwortlichkeit erstreckt sich nicht darauf \u00fcbermittelte oder gespeicherte fremde Informationen zu \u00fcberwachen oder nach Umst\u00e4nden zu forschen, die auf eine rechtswidrige T\u00e4tigkeit hinweisen. Die Verpflichtung zur Entfernung oder Sperrung der Nutzung von Informationen nach den allgemeinen Gesetzen bleiben hiervon unber\u00fchrt. Eine diesbez\u00fcgliche Haftung ist jedoch erst ab dem Zeitpunkt der Kenntnis einer konkreten Rechtsverletzung m\u00f6glich. Bei bekannt werden von entsprechenden Rechtsverletzungen werden diese Inhalte umgehend entfernt.<strong>Haftung f\u00fcr Links:<\/strong><br \/>Dieser Online-Auftritt enth\u00e4lt Links zu externen Webseiten Dritter, auf deren Inhalte kein Einfluss besteht. Deshalb kann f\u00fcr diese fremden Inhalte auch keine Gew\u00e4hr \u00fcbernommen werden. F\u00fcr die Inhalte der verlinkten Seiten ist stets der jeweilige Anbieter oder Betreiber der Seiten verantwortlich. Die verlinkten Seiten wurden zum Zeitpunkt der Verlinkung auf m\u00f6gliche Rechtsverst\u00f6\u00dfe \u00fcberpr\u00fcft. Rechtswidrige Inhalte waren zum Zeitpunkt der Verlinkung nicht erkennbar. Eine permanente inhaltliche Kontrolle der verlinkten Seiten ist jedoch ohne konkrete Anhaltspunkte einer Rechtsverletzung nicht zumutbar. Bei Bekanntwerden von Rechtsverletzungen werden derartige Links umgehend entfernt.<strong>Datenschutz<\/strong>:<br \/>Die Verwendung der Kontaktdaten des Impressums zur gewerblichen Werbung ist ausdr\u00fccklich nicht erw\u00fcnscht, es sei denn der Verantwortliche hatte zuvor seine schriftliche Einwilligung erteilt oder es besteht bereits eine Gesch\u00e4ftsbeziehung. Der Verantwortliche und alle auf dieser Website genannten Personen widersprechen hiermit jeder kommerziellen Verwendung und Weitergabe ihrer Daten.<strong>Google Analytics<\/strong>Diese Website benutzt Google Analytics, einen Webanalysedienst der Google Inc. (\u201eGoogle&#8220;). Google Analytics verwendet sog. \u201eCookies&#8220;, Textdateien, die auf Ihrem Computer gespeichert werden und die eine Analyse der Benutzung der Website durch Sie erm\u00f6glichen. Die durch den Cookie erzeugten Informationen \u00fcber Ihre Benutzung dieser Website (einschlie\u00dflich Ihrer IP-Adresse, die jedoch vor dem Speichern mit der Methode _anonymizeIp() anonymisiert wird, so dass sie nicht mehr einem Anschluss zugeordnet werden kann) wird an einen Server von Google in den USA \u00fcbertragen und dort gespeichert. Google wird diese Informationen benutzen, um Ihre Nutzung der Website auszuwerten, um Reports \u00fcber die Websiteaktivit\u00e4ten f\u00fcr die Websitebetreiber zusammenzustellen und um weitere mit der Websitenutzung und der Internetnutzung verbundene Dienstleistungen zu erbringen. Auch wird Google diese Informationen gegebenenfalls an Dritte \u00fcbertragen, sofern dies gesetzlich vorgeschrieben oder soweit Dritte diese Daten im Auftrag von Google verarbeiten. Google wird in keinem Fall Ihre IP-Adresse mit anderen Daten von Google in Verbindung bringen. Sie k\u00f6nnen die Installation der Cookies durch eine entsprechende Einstellung Ihrer Browser-Software verhindern; wir weisen Sie jedoch darauf hin, dass Sie in diesem Fall gegebenenfalls nicht s\u00e4mtliche Funktionen dieser Website vollumf\u00e4nglich nutzen k\u00f6nnen. Durch die Nutzung dieser Website erkl\u00e4ren Sie sich mit der Bearbeitung der \u00fcber Sie erhobenen Daten durch Google in der zuvor beschriebenen Art und Weise und zu dem zuvor benannten Zweck einverstanden.Sie k\u00f6nnen der Erhebung der Daten durch Google-Analytics mit Wirkung f\u00fcr die Zukunft widersprechen, indem sie ein Deaktivierungs-Add-on (<a href=\"http:\/\/tools.google.com\/dlpage\/gaoptout?hl=de\">http:\/\/tools.google.com\/dlpage\/gaoptout?hl=de<\/a>) f\u00fcr Ihren Browser installieren.<a href=\"https:\/\/www.logo-barsinghausen.de\/wordpress\/start\/impressum\/datenschutz\/\">Hier<\/a> k\u00f6nnen Sie unserer Datenschutzbestimmungen einsehen.<\/p>\n\n","protected":false},"excerpt":{"rendered":"","protected":false},"author":1,"featured_media":0,"parent":21,"menu_order":0,"comment_status":"closed","ping_status":"closed","template":"template-fullwidth.php","meta":{"footnotes":""},"class_list":["post-110","page","type-page","status-publish","hentry"],"_links":{"self":[{"href":"https:\/\/www.logo-barsinghausen.de\/wordpress\/wp-json\/wp\/v2\/pages\/110","targetHints":{"allow":["GET"]}}],"collection":[{"href":"https:\/\/www.logo-barsinghausen.de\/wordpress\/wp-json\/wp\/v2\/pages"}],"about":[{"href":"https:\/\/www.logo-barsinghausen.de\/wordpress\/wp-json\/wp\/v2\/types\/page"}],"author":[{"embeddable":true,"href":"https:\/\/www.logo-barsinghausen.de\/wordpress\/wp-json\/wp\/v2\/users\/1"}],"replies":[{"embeddable":true,"href":"https:\/\/www.logo-barsinghausen.de\/wordpress\/wp-json\/wp\/v2\/comments?post=110"}],"version-history":[{"count":8,"href":"https:\/\/www.logo-barsinghausen.de\/wordpress\/wp-json\/wp\/v2\/pages\/110\/revisions"}],"predecessor-version":[{"id":356,"href":"https:\/\/www.logo-barsinghausen.de\/wordpress\/wp-json\/wp\/v2\/pages\/110\/revisions\/356"}],"up":[{"embeddable":true,"href":"https:\/\/www.logo-barsinghausen.de\/wordpress\/wp-json\/wp\/v2\/pages\/21"}],"wp:attachment":[{"href":"https:\/\/www.logo-barsinghausen.de\/wordpress\/wp-json\/wp\/v2\/media?parent=110"}],"curies":[{"name":"wp","href":"https:\/\/api.w.org\/{rel}","templated":true}]}}